{"id":1045,"date":"2016-10-16T23:02:38","date_gmt":"2016-10-16T21:02:38","guid":{"rendered":"https:\/\/www.eckardt-systems.com\/produkte\/konservieren\/korrosionsschutzanlagen\/"},"modified":"2020-10-30T10:21:55","modified_gmt":"2020-10-30T09:21:55","slug":"corrosion-protection-systems","status":"publish","type":"page","link":"https:\/\/www.eckardt-systems.com\/en\/products\/preserving\/corrosion-protection-systems\/","title":{"rendered":"Corrosion protection systems"},"content":{"rendered":"<div id=\"pl-1045\"  class=\"panel-layout\" ><div id=\"pg-1045-0\"  class=\"panel-grid panel-has-style\" ><div class=\"siteorigin-panels-stretch panel-row-style panel-row-style-for-1045-0\" data-stretch-type=\"full-stretched\" ><div id=\"pgc-1045-0-0\"  class=\"panel-grid-cell\" ><div id=\"panel-1045-0-0-0\" class=\"so-panel widget widget_eckardtslide panel-first-child panel-last-child\" data-index=\"0\" ><div\n\t\t\t\n\t\t\tclass=\"so-widget-eckardtslide so-widget-eckardtslide-base-91461b89e9e3-1045\"\n\t\t\t\n\t\t><div class=\"eckardtslide eckardtslide_type_90 eckardtslide_height_640 eckardtslide_icon_above-text eckardtslide_color_white\"><div class=\"page page_width_normal\"><div class=\"eckardtslide__content\"><div class=\"eckardtslide__content-inner\"><img loading=\"lazy\" decoding=\"async\" class=\"eckardtslide__icon eckardtslide__first-elem\" src=\"https:\/\/www.eckardt-systems.com\/wp-content\/uploads\/2016\/12\/preserving-white.png\" width=\"124\" height=\"124\" \/><h2 class=\"eckardtslide__headline\">Corrosion protection systems<\/h2><div class=\"eckardtslide__sub-headline\">No space for rust &amp; co.<\/div><\/div><\/div><\/div><\/div>\n<\/div><\/div><\/div><\/div><\/div><div id=\"pg-1045-1\"  class=\"panel-grid panel-no-style\" ><div id=\"pgc-1045-1-0\"  class=\"panel-grid-cell\" ><div id=\"panel-1045-1-0-0\" class=\"so-panel widget widget_eckardtcopyblock panel-first-child\" data-index=\"1\" ><div\n\t\t\t\n\t\t\tclass=\"so-widget-eckardtcopyblock so-widget-eckardtcopyblock-base-d75171398898-1045\"\n\t\t\t\n\t\t><h2 class=\"headline headline_type_h2 widget-title\">Protected during transport and storage<\/h2>\n<div class=\"eckardtcopyblock eckardtcopyblock_columns_1 textwidget\">\n    <p>The risk of corrosion is omnipresent during production, transport and storage as well as in many other situations. With our special systems you can now effectively protect your components. We develop different varieties of corrosion protection systems \u2013 we always have a solution that satisfies your individual requirements perfectly in this sensitive area.<\/p>\n<\/div>\n<\/div><\/div><div id=\"panel-1045-1-0-1\" class=\"so-panel widget widget_sow-image panel-last-child\" data-index=\"2\" ><div\n\t\t\t\n\t\t\tclass=\"so-widget-sow-image so-widget-sow-image-default-c67d20f9f743-1045\"\n\t\t\t\n\t\t>\n<div class=\"sow-image-container\">\n\t\t<img \n\tsrc=\"https:\/\/www.eckardt-systems.com\/wp-content\/uploads\/2020\/02\/EKS_01a-1.png\" width=\"2362\" height=\"1329\" srcset=\"https:\/\/www.eckardt-systems.com\/wp-content\/uploads\/2020\/02\/EKS_01a-1.png 2362w, https:\/\/www.eckardt-systems.com\/wp-content\/uploads\/2020\/02\/EKS_01a-1-300x169.png 300w, https:\/\/www.eckardt-systems.com\/wp-content\/uploads\/2020\/02\/EKS_01a-1-1024x576.png 1024w, https:\/\/www.eckardt-systems.com\/wp-content\/uploads\/2020\/02\/EKS_01a-1-768x432.png 768w, https:\/\/www.eckardt-systems.com\/wp-content\/uploads\/2020\/02\/EKS_01a-1-1536x864.png 1536w, https:\/\/www.eckardt-systems.com\/wp-content\/uploads\/2020\/02\/EKS_01a-1-2048x1152.png 2048w\" sizes=\"(max-width: 2362px) 100vw, 2362px\" title=\"EKS_01a\" alt=\"\" \t\tclass=\"so-widget-image\"\/>\n\t<\/div>\n\n<\/div><\/div><\/div><\/div><div id=\"pg-1045-2\"  class=\"panel-grid panel-no-style\" ><div id=\"pgc-1045-2-0\"  class=\"panel-grid-cell\" ><div id=\"panel-1045-2-0-0\" class=\"so-panel widget widget_eckardtbulletlist panel-first-child panel-last-child\" data-index=\"3\" ><div\n\t\t\t\n\t\t\tclass=\"so-widget-eckardtbulletlist so-widget-eckardtbulletlist-base-d75171398898-1045\"\n\t\t\t\n\t\t><h2 class=\"headline headline_type_h2 widget-title\">Features &amp; benefits<\/h2><div class=\"eckardtbulletlist eckardtbulletlist_cols_two\" role=\"list\">\n    <div class=\"eckardtbulletlist__col eckardtbulletlist__first-col \">\n                <div class=\"eckardtbulletlist__item\">\n            <span class=\"eckardtbulletlist__bullet\">\u2022<\/span>\n            <span class=\"eckardtbulletlist__text\" role=\"listitem\">Transport system (endless conveyor or material carriers) integrated in all systems<\/span>\n        <\/div>\n                <div class=\"eckardtbulletlist__item\">\n            <span class=\"eckardtbulletlist__bullet\">\u2022<\/span>\n            <span class=\"eckardtbulletlist__text\" role=\"listitem\">All systems equipped with dedicated oil supply<\/span>\n        <\/div>\n            <\/div>\n    <div class=\"eckardtbulletlist__col  eckardtbulletlist__last-col\">\n                <div class=\"eckardtbulletlist__item\">\n            <span class=\"eckardtbulletlist__bullet\">\u2022<\/span>\n            <span class=\"eckardtbulletlist__text\" role=\"listitem\">Precision heated oils for particularly smooth application<\/span>\n        <\/div>\n                <div class=\"eckardtbulletlist__item\">\n            <span class=\"eckardtbulletlist__bullet\">\u2022<\/span>\n            <span class=\"eckardtbulletlist__text\" role=\"listitem\">High-performance spray nozzle technology achieves a lasting, full surface application<\/span>\n        <\/div>\n            <\/div>\n<\/div>\n<\/div><\/div><\/div><\/div><div id=\"pg-1045-3\"  class=\"panel-grid panel-no-style\" ><div id=\"pgc-1045-3-0\"  class=\"panel-grid-cell\" ><div id=\"panel-1045-3-0-0\" class=\"so-panel widget widget_eckardtbulletlist panel-first-child panel-last-child\" data-index=\"4\" ><div\n\t\t\t\n\t\t\tclass=\"so-widget-eckardtbulletlist so-widget-eckardtbulletlist-base-d75171398898-1045\"\n\t\t\t\n\t\t><h2 class=\"headline headline_type_h2 widget-title\">Features &amp; benefits<\/h2><div class=\"eckardtbulletlist eckardtbulletlist_cols_two\" role=\"list\">\n    <div class=\"eckardtbulletlist__col eckardtbulletlist__first-col \">\n                <div class=\"eckardtbulletlist__item\">\n            <span class=\"eckardtbulletlist__bullet\">\u2022<\/span>\n            <span class=\"eckardtbulletlist__text\" role=\"listitem\">Transport system (endless conveyor or material carriers) integrated in all systems<\/span>\n        <\/div>\n                <div class=\"eckardtbulletlist__item\">\n            <span class=\"eckardtbulletlist__bullet\">\u2022<\/span>\n            <span class=\"eckardtbulletlist__text\" role=\"listitem\">All systems equipped with dedicated oil supply<\/span>\n        <\/div>\n            <\/div>\n    <div class=\"eckardtbulletlist__col  eckardtbulletlist__last-col\">\n                <div class=\"eckardtbulletlist__item\">\n            <span class=\"eckardtbulletlist__bullet\">\u2022<\/span>\n            <span class=\"eckardtbulletlist__text\" role=\"listitem\">Precision heated oils for particularly smooth application<\/span>\n        <\/div>\n                <div class=\"eckardtbulletlist__item\">\n            <span class=\"eckardtbulletlist__bullet\">\u2022<\/span>\n            <span class=\"eckardtbulletlist__text\" role=\"listitem\">High-performance spray nozzle technology achieves a lasting, full surface application<\/span>\n        <\/div>\n            <\/div>\n<\/div>\n<\/div><\/div><\/div><\/div><div id=\"pg-1045-4\"  class=\"panel-grid panel-no-style\" ><div id=\"pgc-1045-4-0\"  class=\"panel-grid-cell\" ><div id=\"panel-1045-4-0-0\" class=\"so-panel widget widget_sow-editor panel-first-child panel-last-child\" data-index=\"5\" ><div\n\t\t\t\n\t\t\tclass=\"so-widget-sow-editor so-widget-sow-editor-base\"\n\t\t\t\n\t\t><h2 class=\"headline headline_type_h2 widget-title\">Design versions and details<\/h2>\n<div class=\"siteorigin-widget-tinymce textwidget\">\n\t<p style=\"text-align: left;\">Our systems are designed to meet widely differing requirements as they arise during different phases of the production process as well as during subsequent material handling processes. Our offer includes the following types of systems:<\/p>\n<\/div>\n<\/div><\/div><\/div><\/div><div id=\"pg-1045-5\"  class=\"panel-grid panel-no-style\" ><div id=\"pgc-1045-5-0\"  class=\"panel-grid-cell\" ><div id=\"panel-1045-5-0-0\" class=\"so-panel widget widget_sow-editor panel-first-child panel-last-child\" data-index=\"6\" ><div\n\t\t\t\n\t\t\tclass=\"so-widget-sow-editor so-widget-sow-editor-base\"\n\t\t\t\n\t\t>\n<div class=\"siteorigin-widget-tinymce textwidget\">\n\t<h4 style=\"text-align: left;\">During production<\/h4>\n<p style=\"text-align: left;\">We offer corrosion protection solutions for components with exposed metal parts. They are generally active immediately following hot forming processes when the parts would begin to rust as they emerge from sand blasting systems unless corrosion protection is applied immediately.<\/p>\n<h4 style=\"text-align: left;\">Transport<\/h4>\n<p style=\"text-align: left;\">We also offer special systems to provide corrosion protection during transport of carbody parts. Component assemblies such as wings, chassis beams, pillars are reliably coated with corrosion protection, which is generally applied following welding and riveting processes. We also have appropriate systems for sections and semi-finished flat rolled steel products.<\/p>\n<\/div>\n<\/div><\/div><\/div><div id=\"pgc-1045-5-1\"  class=\"panel-grid-cell\" ><div id=\"panel-1045-5-1-0\" class=\"so-panel widget widget_sow-editor panel-first-child panel-last-child\" data-index=\"7\" ><div\n\t\t\t\n\t\t\tclass=\"so-widget-sow-editor so-widget-sow-editor-base\"\n\t\t\t\n\t\t>\n<div class=\"siteorigin-widget-tinymce textwidget\">\n\t<h4 style=\"text-align: left;\">Hybrid solutions<\/h4>\n<p>To meet increased demands with regard to the adherence properties of the preservative oil we have included hybrid systems in our range of products that make possible electrostatic spraying. Standard atomizing nozzles are used to apply the oil. In addition, the corrosion protection oil is charged electrostatically so that it adheres particularly well to perpendicular surfaces (on cylinders, for instance). Our corrosion protection systems represent a real competitive advantage in comparison with other manufacturers!<\/p>\n<p>\u00a0<\/p>\n<\/div>\n<\/div><\/div><\/div><\/div><div id=\"pg-1045-6\"  class=\"panel-grid panel-has-style\" ><div class=\"siteorigin-panels-stretch panel-row-style panel-row-style-for-1045-6\" data-stretch-type=\"full-stretched\" ><div id=\"pgc-1045-6-0\"  class=\"panel-grid-cell\" ><div id=\"panel-1045-6-0-0\" class=\"so-panel widget widget_eckardtcopyblock panel-first-child\" data-index=\"8\" ><div\n\t\t\t\n\t\t\tclass=\"so-widget-eckardtcopyblock so-widget-eckardtcopyblock-base-d75171398898-1045\"\n\t\t\t\n\t\t><h2 class=\"headline headline_type_h2 widget-title\">How our corrosion protection works in practice<\/h2>\n<div class=\"eckardtcopyblock eckardtcopyblock_columns_1 textwidget\">\n    <p><span lang=\"en-US\">Schw\u00e4bisch Gm\u00fcnd-based Strahlcenter Venetis Gm\u00fcnd GmbH uses our corrosion protection systems e.g. for the preservation of press-hardened vehicle structural components. The company specialises in blasting, vibratory grinding and high-volume testing and processes aluminium and steel as well as cast, forged and stamped parts using state-of-the-art plant and process technology.<\/span><\/p>\n<p><span lang=\"en-US\">The Strahlcenter Venetis corporate video shows our corrosion protection systems in action (starts at 1:25).\u00a0 <\/span><span lang=\"en-US\">We'd like to thank Strahlcenter Venetis for granting permission to cite this reference.<\/span><\/p>\n<p><a href=\"https:\/\/strahlcenter.com\/\"><span lang=\"en-US\"> <u>Go to video<\/u><\/span><\/a><\/p>\n<\/div>\n<\/div><\/div><div id=\"panel-1045-6-0-1\" class=\"so-panel widget widget_eckardtpullout panel-last-child\" data-index=\"9\" ><div\n\t\t\t\n\t\t\tclass=\"so-widget-eckardtpullout so-widget-eckardtpullout-base-d75171398898-1045\"\n\t\t\t\n\t\t><div class=\"eckardtpullout eckardtpullout_theme_blue\">\n<p class=\"eckardtpullout__line eckardtpullout__line-normal eckardtpullout__line-max-width-820 \">Do not accept half measures when it comes to corrosion protection \u2013 place your trust in Eckardt solutions. They offer the best-possible answer to your individual process requirements during production, transport and storage.<\/p>\n<p class=\"eckardtpullout__line eckardtpullout__line-normal eckardtpullout__line-max-width-760 eckardtpullout__nomargin-line\">Contact us \u2013 we would be pleased to offer you comprehensive information about our systems as well as \u201clive\u201d demonstrations of their<\/p>\n<p class=\"eckardtpullout__line eckardtpullout__line-highlited eckardtpullout__line-max-width-820 \">performance capabilities.<\/p>\n<\/div>\n<\/div><\/div><\/div><\/div><\/div><\/div>","protected":false},"excerpt":{"rendered":"<p>Corrosion protection systemsNo space for rust &amp; co. Protected during transport and storage The risk of corrosion is omnipresent during production, transport and storage as well as in many other situations. With our special systems you can now effectively protect your components. We develop different varieties of corrosion protection systems \u2013 we always have a [&hellip;]<\/p>\n","protected":false},"author":1,"featured_media":0,"parent":1044,"menu_order":13,"comment_status":"closed","ping_status":"closed","template":"templates\/product-page.php","meta":{"_monsterinsights_skip_tracking":false,"_monsterinsights_sitenote_active":false,"_monsterinsights_sitenote_note":"","_monsterinsights_sitenote_category":0,"iawp_total_views":16,"footnotes":""},"class_list":["post-1045","page","type-page","status-publish","hentry"],"_links":{"self":[{"href":"https:\/\/www.eckardt-systems.com\/en\/wp-json\/wp\/v2\/pages\/1045","targetHints":{"allow":["GET"]}}],"collection":[{"href":"https:\/\/www.eckardt-systems.com\/en\/wp-json\/wp\/v2\/pages"}],"about":[{"href":"https:\/\/www.eckardt-systems.com\/en\/wp-json\/wp\/v2\/types\/page"}],"author":[{"embeddable":true,"href":"https:\/\/www.eckardt-systems.com\/en\/wp-json\/wp\/v2\/users\/1"}],"replies":[{"embeddable":true,"href":"https:\/\/www.eckardt-systems.com\/en\/wp-json\/wp\/v2\/comments?post=1045"}],"version-history":[{"count":21,"href":"https:\/\/www.eckardt-systems.com\/en\/wp-json\/wp\/v2\/pages\/1045\/revisions"}],"predecessor-version":[{"id":4573,"href":"https:\/\/www.eckardt-systems.com\/en\/wp-json\/wp\/v2\/pages\/1045\/revisions\/4573"}],"up":[{"embeddable":true,"href":"https:\/\/www.eckardt-systems.com\/en\/wp-json\/wp\/v2\/pages\/1044"}],"wp:attachment":[{"href":"https:\/\/www.eckardt-systems.com\/en\/wp-json\/wp\/v2\/media?parent=1045"}],"curies":[{"name":"wp","href":"https:\/\/api.w.org\/{rel}","templated":true}]}}