{"id":2044,"date":"2016-10-12T15:08:20","date_gmt":"2016-10-12T13:08:20","guid":{"rendered":"https:\/\/www.eckardt-systems.com\/impressum\/"},"modified":"2023-02-02T12:06:32","modified_gmt":"2023-02-02T11:06:32","slug":"impressum","status":"publish","type":"page","link":"https:\/\/www.eckardt-systems.com\/zh-hans\/impressum\/","title":{"rendered":"\u6cd5\u5f8b\u7ec6\u8282"},"content":{"rendered":"<div id=\"pl-2044\"  class=\"panel-layout\" ><div id=\"pg-2044-0\"  class=\"panel-grid panel-has-style\" ><div class=\"siteorigin-panels-stretch panel-row-style panel-row-style-for-2044-0\" data-stretch-type=\"full-stretched\" ><div id=\"pgc-2044-0-0\"  class=\"panel-grid-cell\" ><div id=\"panel-2044-0-0-0\" class=\"so-panel widget widget_eckardtslide panel-first-child panel-last-child\" data-index=\"0\" ><div\n\t\t\t\n\t\t\tclass=\"so-widget-eckardtslide so-widget-eckardtslide-base-7b37861eea80-2044\"\n\t\t\t\n\t\t><div class=\"eckardtslide eckardtslide_type_90 eckardtslide_height_500 eckardtslide_icon_above-text eckardtslide_color_white\"><div class=\"page page_width_normal\"><div class=\"eckardtslide__content\"><div class=\"eckardtslide__content-inner\"><img loading=\"lazy\" decoding=\"async\" class=\"eckardtslide__icon eckardtslide__first-elem\" src=\"https:\/\/www.eckardt-systems.com\/wp-content\/uploads\/2016\/10\/impressum.png\" width=\"105\" height=\"105\" \/><h2 class=\"eckardtslide__headline\">\u6cd5\u5f8b\u7ec6\u8282<br \/>\u4ee5\u5fb7\u6587\u4e3a\u51c6<\/h2><div class=\"eckardtslide__copy-block\"><p>Angaben gem\u00e4\u00df \u00a7 5 TGM<\/p><\/div><\/div><\/div><\/div><\/div>\n<\/div><\/div><\/div><\/div><\/div><div id=\"pg-2044-1\"  class=\"panel-grid panel-no-style\" ><div id=\"pgc-2044-1-0\"  class=\"panel-grid-cell\" ><div id=\"panel-2044-1-0-0\" class=\"so-panel widget widget_eckardtcopyblock panel-first-child\" data-index=\"1\" ><div\n\t\t\t\n\t\t\tclass=\"so-widget-eckardtcopyblock so-widget-eckardtcopyblock-base-d75171398898-2044\"\n\t\t\t\n\t\t><h2 class=\"headline headline_type_h2 widget-title\">Eckardt Systems GmbH<\/h2>\n<div class=\"eckardtcopyblock eckardtcopyblock_columns_1 textwidget\">\n    <p>Westliche Gewerbestr. 2<br \/>\n75015 Bretten<br \/>\nTelefon: 07252 9420-0<br \/>\nTelefax: 07252 9420-18<br \/>\nE-Mail: <a href=\"mailto:info@eckardt-systems.com\">info@eckardt-systems.com <\/a><\/p>\n<p><strong>Verantwortlich f\u00fcr den Inhalt<\/strong><br \/>\nMichael Eckardt<\/p>\n<\/div>\n<\/div><\/div><div id=\"panel-2044-1-0-1\" class=\"so-panel widget widget_eckardthr panel-last-child\" data-index=\"2\" ><div\n\t\t\t\n\t\t\tclass=\"so-widget-eckardthr so-widget-eckardthr-base\"\n\t\t\t\n\t\t><hr>\n<\/div><\/div><\/div><\/div><div id=\"pg-2044-2\"  class=\"panel-grid panel-no-style\" ><div id=\"pgc-2044-2-0\"  class=\"panel-grid-cell\" ><div id=\"panel-2044-2-0-0\" class=\"so-panel widget widget_sow-editor panel-first-child panel-last-child\" data-index=\"3\" ><div\n\t\t\t\n\t\t\tclass=\"so-widget-sow-editor so-widget-sow-editor-base\"\n\t\t\t\n\t\t>\n<div class=\"siteorigin-widget-tinymce textwidget\">\n\t<h4>Registereintrag:<\/h4>\n<p>Eintragung im Handelsregister.<br \/>\nRegistergericht: Amtsgericht Mannheim<br \/>\nRegisternummer: HRB 240467<\/p>\n<p>Umsatzsteuer-Identifikationsnummer gem\u00e4\u00df<br \/>\n\u00a7 27 a Umsatzsteuergesetz: DE213348952<\/p>\n<\/div>\n<\/div><\/div><\/div><div id=\"pgc-2044-2-1\"  class=\"panel-grid-cell\" ><div id=\"panel-2044-2-1-0\" class=\"so-panel widget widget_sow-editor panel-first-child panel-last-child\" data-index=\"4\" ><div\n\t\t\t\n\t\t\tclass=\"so-widget-sow-editor so-widget-sow-editor-base\"\n\t\t\t\n\t\t>\n<div class=\"siteorigin-widget-tinymce textwidget\">\n\t<h4>Verantwortlich f\u00fcr den Inhalt: <br \/>(gem\u00e4\u00df \u00a7 55 Abs. 2 RSTV)<\/h4>\n<p>Michael\u00a0Eckardt<\/p>\n<h4>Gestaltung und Umsetzung:<\/h4>\n<p>Art Crash Werbeagentur GmbH<br \/>Weberstr. 9<br \/>76133 Karlsruhe<br \/><a href=\"http:\/\/www.artcrash.com\">www.artcrash.com<\/a><\/p>\n<\/div>\n<\/div><\/div><\/div><\/div><div id=\"pg-2044-3\"  class=\"panel-grid panel-has-style\" ><div class=\"siteorigin-panels-stretch panel-row-style panel-row-style-for-2044-3\" data-stretch-type=\"full\" ><div id=\"pgc-2044-3-0\"  class=\"panel-grid-cell\" ><div id=\"panel-2044-3-0-0\" class=\"so-panel widget widget_sow-editor panel-first-child panel-last-child\" data-index=\"5\" ><div\n\t\t\t\n\t\t\tclass=\"so-widget-sow-editor so-widget-sow-editor-base\"\n\t\t\t\n\t\t><h2 class=\"headline headline_type_h2 widget-title\">Haftungs&shy;ausschluss<\/h2>\n<div class=\"siteorigin-widget-tinymce textwidget\">\n\t<\/div>\n<\/div><\/div><\/div><\/div><\/div><div id=\"pg-2044-4\"  class=\"panel-grid panel-has-style\" ><div class=\"siteorigin-panels-stretch panel-row-style panel-row-style-for-2044-4\" data-stretch-type=\"full\" ><div id=\"pgc-2044-4-0\"  class=\"panel-grid-cell\" ><div id=\"panel-2044-4-0-0\" class=\"so-panel widget widget_sow-editor panel-first-child panel-last-child\" data-index=\"6\" ><div\n\t\t\t\n\t\t\tclass=\"so-widget-sow-editor so-widget-sow-editor-base\"\n\t\t\t\n\t\t>\n<div class=\"siteorigin-widget-tinymce textwidget\">\n\t<h4>1. Haftungsbeschr\u00e4nkung<\/h4>\n<p>Die Inhalte unserer Seiten wurden mit gr\u00f6\u00dfter Sorgfalt erstellt. F\u00fcr die Richtigkeit, Vollst\u00e4ndigkeit und Aktualit\u00e4t der Inhalte k\u00f6nnen wir jedoch keine Gew\u00e4hr \u00fcbernehmen. Als Diensteanbieter sind wir gem\u00e4\u00df \u00a7 7 Abs.1 TMG f\u00fcr eigene Inhalte auf diesen Seiten nach den allgemeinen Gesetzen verantwortlich. Nach \u00a7\u00a7 8 bis 10 TMG sind wir als Diensteanbieter jedoch nicht verpflichtet, \u00fcbermittelte oder gespeicherte fremde Informationen zu \u00fcberwachen oder nach Umst\u00e4nden zu forschen, die auf eine rechtswidrige T\u00e4tigkeit hinweisen.<\/p>\n<p>Verpflichtungen zur Entfernung oder Sperrung der Nutzung von Informationen nach den allgemeinen Gesetzen bleiben hiervon unber\u00fchrt. Eine diesbez\u00fcgliche Haftung ist jedoch erst ab dem Zeitpunkt der Kenntnis einer konkreten Rechtsverletzung m\u00f6glich. Bei Bekanntwerden von entsprechenden Rechtsverletzungen werden wir diese Inhalte umgehend entfernen.<\/p>\n<\/div>\n<\/div><\/div><\/div><div id=\"pgc-2044-4-1\"  class=\"panel-grid-cell\" ><div id=\"panel-2044-4-1-0\" class=\"so-panel widget widget_sow-editor panel-first-child panel-last-child\" data-index=\"7\" ><div\n\t\t\t\n\t\t\tclass=\"so-widget-sow-editor so-widget-sow-editor-base\"\n\t\t\t\n\t\t>\n<div class=\"siteorigin-widget-tinymce textwidget\">\n\t<h4>2. Externe Links<\/h4>\n<p>Unser Angebot enth\u00e4lt Links zu externen Webseiten Dritter, auf deren Inhalte wir keinen Einfluss haben. Deshalb k\u00f6nnen wir f\u00fcr diese fremden Inhalte auch keine Gew\u00e4hr \u00fcbernehmen. F\u00fcr die Inhalte der verlinkten Seiten ist stets der jeweilige Anbieter oder Betreiber der Seiten verantwortlich. Die verlinkten Seiten wurden zum Zeitpunkt der Verlinkung auf m\u00f6gliche Rechtsverst\u00f6\u00dfe \u00fcberpr\u00fcft.<\/p>\n<p>Rechtswidrige Inhalte waren zum Zeitpunkt der Verlinkung nicht erkennbar. Eine permanente inhaltliche Kontrolle der verlinkten Seiten ist jedoch ohne konkrete Anhaltspunkte einer Rechtsverletzung nicht zumutbar. Bei Bekanntwerden von Rechtsverletzungen werden wir derartige Links umgehend entfernen.<\/p>\n<\/div>\n<\/div><\/div><\/div><\/div><\/div><div id=\"pg-2044-5\"  class=\"panel-grid panel-has-style\" ><div class=\"siteorigin-panels-stretch panel-row-style panel-row-style-for-2044-5\" data-stretch-type=\"full\" ><div id=\"pgc-2044-5-0\"  class=\"panel-grid-cell\" ><div id=\"panel-2044-5-0-0\" class=\"so-panel widget widget_sow-editor panel-first-child panel-last-child\" data-index=\"8\" ><div\n\t\t\t\n\t\t\tclass=\"so-widget-sow-editor so-widget-sow-editor-base\"\n\t\t\t\n\t\t>\n<div class=\"siteorigin-widget-tinymce textwidget\">\n\t<h4>3. Urheberrecht<\/h4>\n<p>Die durch die Seitenbetreiber erstellten Inhalte und Werke auf diesen Seiten unterliegen dem deutschen Urheberrecht. Die Vervielf\u00e4ltigung, Bearbeitung, Verbreitung und jede Art der Verwertung au\u00dferhalb der Grenzen des Urheberrechtes bed\u00fcrfen der schriftlichen Zustimmung des jeweiligen Autors bzw. Erstellers. Downloads und Kopien dieser Seite sind nur f\u00fcr den privaten, nicht kommerziellen Gebrauch gestattet.<\/p>\n<p>Soweit die Inhalte auf dieser Seite nicht vom Betreiber erstellt wurden, werden die Urheberrechte Dritter beachtet. Insbesondere werden Inhalte Dritter als solche gekennzeichnet. Sollten Sie trotzdem auf eine Urheberrechtsverletzung aufmerksam werden, bitten wir um einen entsprechenden Hinweis. Bei Bekanntwerden von Rechtsverletzungen werden wir derartige Inhalte umgehend entfernen.<\/p>\n<\/div>\n<\/div><\/div><\/div><div id=\"pgc-2044-5-1\"  class=\"panel-grid-cell\" ><div id=\"panel-2044-5-1-0\" class=\"so-panel widget widget_sow-editor panel-first-child panel-last-child\" data-index=\"9\" ><div\n\t\t\t\n\t\t\tclass=\"so-widget-sow-editor so-widget-sow-editor-base\"\n\t\t\t\n\t\t>\n<div class=\"siteorigin-widget-tinymce textwidget\">\n\t<h4>4. Datenschutz<\/h4>\n<p>Die Nutzung unserer Webseite ist in der Regel ohne Angabe personenbezogener Daten m\u00f6glich. Soweit auf unseren Seiten personenbezogene Daten (beispielsweise Name, Anschrift oder E-Mail-Adressen) erhoben werden, erfolgt dies, soweit m\u00f6glich, stets auf freiwilliger Basis. Diese Daten werden ohne Ihre ausdr\u00fcckliche Zustimmung nicht an Dritte weitergegeben.<br \/>Wir weisen darauf hin, dass die Daten\u00fcbertragung im Internet (z. B. bei der Kommunikation per E-Mail) Sicherheitsl\u00fccken aufweisen kann. Ein l\u00fcckenloser Schutz der Daten vor dem Zugriff durch Dritte ist nicht m\u00f6glich.<\/p>\n<p>Der Nutzung von im Rahmen der Impressumspflicht ver\u00f6ffentlichten Kontaktdaten durch Dritte zur \u00dcbersendung von nicht ausdr\u00fccklich angeforderter Werbung und Informationsmaterialien wird hiermit ausdr\u00fccklich widersprochen. Die Betreiber der Seiten behalten sich ausdr\u00fccklich rechtliche Schritte im Falle der unverlangten Zusendung von Werbeinformationen, etwa durch Spam-Mails, vor.<\/p>\n<\/div>\n<\/div><\/div><\/div><\/div><\/div><div id=\"pg-2044-6\"  class=\"panel-grid panel-no-style\" ><div id=\"pgc-2044-6-0\"  class=\"panel-grid-cell\" ><div id=\"panel-2044-6-0-0\" class=\"so-panel widget widget_sow-editor panel-first-child panel-last-child\" data-index=\"10\" ><div\n\t\t\t\n\t\t\tclass=\"so-widget-sow-editor so-widget-sow-editor-base\"\n\t\t\t\n\t\t>\n<div class=\"siteorigin-widget-tinymce textwidget\">\n\t<h4>Bildnachweise<\/h4>\n<p>\u00a9 Eckardt Systems GmbH, \u00a9 Art Crash GmbH, \u00a9 Dmitry Kalinovsky \/ istock.com, <br \/>\u00a9 mbbirdy \/ istock.com,\u00a0\u00a9 Leonardo Patrizi \/ istock.com, \u00a9 PeopleImages \/ istock.com, <br \/>\u00a9 gradyreese \/ istock.com, \u00a9 TommL \/ istock.com, \u00a9 kadmy \/ istock.com, <br \/>\u00a9 Peshkova \/ shutterstock.com,\u00a0\u00a9 M181 \/ shutterstock.com, \u00a9 supergenijalac \/ shutterstock.com, <br \/>\u00a9 Firma V \/ shutterstock.com,\u00a0\u00a9 wrangler \/ shutterstock.com, <br \/>\u00a9 Vereshchagin Dmitry \/ shutterstock.com<\/p>\n<\/div>\n<\/div><\/div><\/div><\/div><\/div>","protected":false},"excerpt":{"rendered":"<p>\u6cd5\u5f8b\u7ec6\u8282\u4ee5\u5fb7\u6587\u4e3a\u51c6Angaben gem\u00e4\u00df \u00a7 5 TGM Eckardt Systems GmbH Wes [&hellip;]<\/p>\n","protected":false},"author":1,"featured_media":0,"parent":0,"menu_order":31,"comment_status":"closed","ping_status":"closed","template":"","meta":{"_monsterinsights_skip_tracking":false,"_monsterinsights_sitenote_active":false,"_monsterinsights_sitenote_note":"","_monsterinsights_sitenote_category":0,"iawp_total_views":1,"footnotes":""},"class_list":["post-2044","page","type-page","status-publish","hentry"],"_links":{"self":[{"href":"https:\/\/www.eckardt-systems.com\/zh-hans\/wp-json\/wp\/v2\/pages\/2044","targetHints":{"allow":["GET"]}}],"collection":[{"href":"https:\/\/www.eckardt-systems.com\/zh-hans\/wp-json\/wp\/v2\/pages"}],"about":[{"href":"https:\/\/www.eckardt-systems.com\/zh-hans\/wp-json\/wp\/v2\/types\/page"}],"author":[{"embeddable":true,"href":"https:\/\/www.eckardt-systems.com\/zh-hans\/wp-json\/wp\/v2\/users\/1"}],"replies":[{"embeddable":true,"href":"https:\/\/www.eckardt-systems.com\/zh-hans\/wp-json\/wp\/v2\/comments?post=2044"}],"version-history":[{"count":5,"href":"https:\/\/www.eckardt-systems.com\/zh-hans\/wp-json\/wp\/v2\/pages\/2044\/revisions"}],"predecessor-version":[{"id":5971,"href":"https:\/\/www.eckardt-systems.com\/zh-hans\/wp-json\/wp\/v2\/pages\/2044\/revisions\/5971"}],"wp:attachment":[{"href":"https:\/\/www.eckardt-systems.com\/zh-hans\/wp-json\/wp\/v2\/media?parent=2044"}],"curies":[{"name":"wp","href":"https:\/\/api.w.org\/{rel}","templated":true}]}}