{"id":2043,"date":"2016-10-12T15:08:37","date_gmt":"2016-10-12T13:08:37","guid":{"rendered":"https:\/\/www.eckardt-systems.com\/agb\/"},"modified":"2017-11-26T20:38:44","modified_gmt":"2017-11-26T19:38:44","slug":"agb","status":"publish","type":"page","link":"https:\/\/www.eckardt-systems.com\/zh-hans\/agb\/","title":{"rendered":"AGB"},"content":{"rendered":"<div id=\"pl-2043\"  class=\"panel-layout\" ><div id=\"pg-2043-0\"  class=\"panel-grid panel-has-style\" ><div class=\"siteorigin-panels-stretch panel-row-style panel-row-style-for-2043-0\" data-stretch-type=\"full-stretched\" ><div id=\"pgc-2043-0-0\"  class=\"panel-grid-cell\" ><div id=\"panel-2043-0-0-0\" class=\"so-panel widget widget_eckardtslide panel-first-child panel-last-child\" data-index=\"0\" ><div\n\t\t\t\n\t\t\tclass=\"so-widget-eckardtslide so-widget-eckardtslide-base-7b37861eea80-2043\"\n\t\t\t\n\t\t><div class=\"eckardtslide eckardtslide_type_90 eckardtslide_height_500 eckardtslide_icon_above-text eckardtslide_color_white\"><div class=\"page page_width_normal\"><div class=\"eckardtslide__content\"><div class=\"eckardtslide__content-inner\"><img loading=\"lazy\" decoding=\"async\" class=\"eckardtslide__icon eckardtslide__first-elem\" src=\"https:\/\/www.eckardt-systems.com\/wp-content\/uploads\/2016\/10\/impressum.png\" width=\"105\" height=\"105\" \/><h2 class=\"eckardtslide__headline\">AGB<br \/>\u4ee5\u5fb7\u6587\u4e3a\u51c6<\/h2><\/div><\/div><\/div><\/div>\n<\/div><\/div><\/div><\/div><\/div><div id=\"pg-2043-1\"  class=\"panel-grid panel-no-style\" ><div id=\"pgc-2043-1-0\"  class=\"panel-grid-cell\" ><div id=\"panel-2043-1-0-0\" class=\"so-panel widget widget_eckardtcopyblock panel-first-child panel-last-child\" data-index=\"1\" ><div\n\t\t\t\n\t\t\tclass=\"so-widget-eckardtcopyblock so-widget-eckardtcopyblock-base-d75171398898-2043\"\n\t\t\t\n\t\t><h2 class=\"headline headline_type_h2 widget-title\">Allgemeine Verkaufs- und Lieferbedingungen<\/h2>\n<div class=\"eckardtcopyblock eckardtcopyblock_columns_1 textwidget\">\n    <p>Wir best\u00e4tigen Ihre Bestellung unter der ausschlie\u00dflichen Geltung unserer Allgemeinen Verkaufs- und Lieferbedingungen.<\/p>\n<\/div>\n<\/div><\/div><\/div><\/div><div id=\"pg-2043-2\"  class=\"panel-grid panel-has-style\" ><div class=\"siteorigin-panels-stretch panel-row-style panel-row-style-for-2043-2\" data-stretch-type=\"full\" ><div id=\"pgc-2043-2-0\"  class=\"panel-grid-cell\" ><div id=\"panel-2043-2-0-0\" class=\"so-panel widget widget_sow-editor panel-first-child panel-last-child\" data-index=\"2\" ><div\n\t\t\t\n\t\t\tclass=\"so-widget-sow-editor so-widget-sow-editor-base\"\n\t\t\t\n\t\t><h2 class=\"headline headline_type_h2 widget-title\">Allgemeine Verkaufsbedingungen<\/h2>\n<div class=\"siteorigin-widget-tinymce textwidget\">\n\t<\/div>\n<\/div><\/div><\/div><\/div><\/div><div id=\"pg-2043-3\"  class=\"panel-grid panel-has-style\" ><div class=\"siteorigin-panels-stretch panel-row-style panel-row-style-for-2043-3\" data-stretch-type=\"full\" ><div id=\"pgc-2043-3-0\"  class=\"panel-grid-cell\" ><div id=\"panel-2043-3-0-0\" class=\"so-panel widget widget_sow-editor panel-first-child panel-last-child\" data-index=\"3\" ><div\n\t\t\t\n\t\t\tclass=\"so-widget-sow-editor so-widget-sow-editor-base\"\n\t\t\t\n\t\t>\n<div class=\"siteorigin-widget-tinymce textwidget\">\n\t<h4>\u00a7 1 Geltung<\/h4>\n<p class=\"p1\">(1)\u00a0Diese Verkaufs- und Lieferbedingungen gelten ausschlie\u00dflich. Abweichende oder entgegenstehende Bedingungen werden von uns nicht anerkannt, sofern wir diesen nicht ausdr\u00fccklich schriftlich zugestimmt haben.<\/p>\n<p class=\"p1\">(2)\u00a0Diese Verkaufs- und Lieferbedingungen gelten auch f\u00fcr alle zuk\u00fcnftigen Gesch\u00e4fte zwischen den Parteien sowie auch dann, wenn wir in Kenntnis abweichender oder entgegenstehender Bedingungen die Lieferung der Ware durchf\u00fchren.<\/p>\n<p class=\"p1\">(3)\u00a0Diese Allgemeinen Verkaufs- und Lieferbedingungen gelten nur gegen\u00fcber Unternehmern, juristischen Personen des \u00f6ffentlichen Rechts oder \u00f6ffentlich-rechtlichen Sonderverm\u00f6gen im Sinne von \u00a7\u00a0310 Abs.\u00a01 BGB.<\/p>\n<\/div>\n<\/div><\/div><\/div><div id=\"pgc-2043-3-1\"  class=\"panel-grid-cell\" ><div id=\"panel-2043-3-1-0\" class=\"so-panel widget widget_sow-editor panel-first-child panel-last-child\" data-index=\"4\" ><div\n\t\t\t\n\t\t\tclass=\"so-widget-sow-editor so-widget-sow-editor-base\"\n\t\t\t\n\t\t>\n<div class=\"siteorigin-widget-tinymce textwidget\">\n\t<h4>\u00a7 2 Angebot, Annahme<\/h4>\n<p class=\"p1\">Sofern die Bestellung ein Angebot im Sinne von \u00a7\u00a0145 BGB darstellt, sind wir berechtigt, dieses innerhalb einer Frist von zwei Wochen anzunehmen.<\/p>\n<h4>\u00a0<\/h4>\n<\/div>\n<\/div><\/div><\/div><\/div><\/div><div id=\"pg-2043-4\"  class=\"panel-grid panel-has-style\" ><div class=\"siteorigin-panels-stretch panel-row-style panel-row-style-for-2043-4\" data-stretch-type=\"full\" ><div id=\"pgc-2043-4-0\"  class=\"panel-grid-cell\" ><div id=\"panel-2043-4-0-0\" class=\"so-panel widget widget_sow-editor panel-first-child panel-last-child\" data-index=\"5\" ><div\n\t\t\t\n\t\t\tclass=\"so-widget-sow-editor so-widget-sow-editor-base\"\n\t\t\t\n\t\t>\n<div class=\"siteorigin-widget-tinymce textwidget\">\n\t<h4>\u00a7 3 Preise, Zahlung<\/h4>\n<p>(1) Unsere Preise verstehen sich ab Werk, zuz\u00fcglich der jeweiligen gesetzlichen Umsatzsteuer und ausschlie\u00dflich der Kosten f\u00fcr Verpackung, soweit nicht ausdr\u00fccklich anders vereinbart.<\/p>\n<p class=\"p1\">(2)\u00a0Der Kaufpreis ist innerhalb von 30 Tagen ab Rechnungsstellung netto zur Zahlung f\u00e4llig. Nach F\u00e4lligkeit werden Verzugszinsen in H\u00f6he von 8 % \u00fcber dem jeweiligen Basiszinssatz p.\u00a0a. berechnet. Die Geltendmachung eines weitergehenden Verzugsschadens behalten wir uns vor.<\/p>\n<h4>\u00a0<\/h4>\n<\/div>\n<\/div><\/div><\/div><div id=\"pgc-2043-4-1\"  class=\"panel-grid-cell\" ><div id=\"panel-2043-4-1-0\" class=\"so-panel widget widget_sow-editor panel-first-child panel-last-child\" data-index=\"6\" ><div\n\t\t\t\n\t\t\tclass=\"so-widget-sow-editor so-widget-sow-editor-base\"\n\t\t\t\n\t\t>\n<div class=\"siteorigin-widget-tinymce textwidget\">\n\t<h4>\u00a7 4 Aufrechnung, Zur\u00fcckbehaltung<\/h4>\n<p class=\"p1\">Der K\u00e4ufer ist zur Aufrechnung nur berechtigt, insoweit seine Gegenanspr\u00fcche unbestritten oder rechtskr\u00e4ftig festgestellt sind. Zur Geltendmachung von Zur\u00fcckbehaltungsrechten ist der K\u00e4ufer nur aufgrund von Gegenanspr\u00fcchen aus dem gleichen Vertragsverh\u00e4ltnis berechtigt.<\/p>\n<\/div>\n<\/div><\/div><\/div><\/div><\/div><div id=\"pg-2043-5\"  class=\"panel-grid panel-has-style\" ><div class=\"siteorigin-panels-stretch panel-row-style panel-row-style-for-2043-5\" data-stretch-type=\"full\" ><div id=\"pgc-2043-5-0\"  class=\"panel-grid-cell\" ><div id=\"panel-2043-5-0-0\" class=\"so-panel widget widget_sow-editor panel-first-child panel-last-child\" data-index=\"7\" ><div\n\t\t\t\n\t\t\tclass=\"so-widget-sow-editor so-widget-sow-editor-base\"\n\t\t\t\n\t\t>\n<div class=\"siteorigin-widget-tinymce textwidget\">\n\t<h4>\u00a7 5 Lieferung und Leistung<\/h4>\n<p>(1) Lieferung und Leistung setzt die fristgerechte und ordnungsgem\u00e4\u00dfe Erf\u00fcllung der Verpflichtungen des K\u00e4ufers bzw. Bestellers voraus. Die Einrede des nicht erf\u00fcllten Vertrages bleibt vorbehalten.<\/p>\n<p class=\"p1\">(2) Bei Annahmeverzug oder sonstiger schuldhafter Verletzung von Mitwirkungspflichten seitens des K\u00e4ufers bzw. Bestellers sind wir zum Ersatz des daraus entstehenden Schadens, einschlie\u00dflich etwaiger Mehraufwendungen, berechtigt. Weitergehende Anspr\u00fcche bleiben vorbehalten. Die Gefahr des zuf\u00e4lligen Untergangs oder der zuf\u00e4lligen Verschlechterung der Ware geht in diesem Fall mit dem Zeitpunkt des Annahmeverzugs oder der sonstigen Verletzung von Mitwirkungspflichten auf den K\u00e4ufer bzw. Besteller \u00fcber.<\/p>\n<h4>\u00a0<\/h4>\n<\/div>\n<\/div><\/div><\/div><div id=\"pgc-2043-5-1\"  class=\"panel-grid-cell\" ><div id=\"panel-2043-5-1-0\" class=\"so-panel widget widget_sow-editor panel-first-child panel-last-child\" data-index=\"8\" ><div\n\t\t\t\n\t\t\tclass=\"so-widget-sow-editor so-widget-sow-editor-base\"\n\t\t\t\n\t\t>\n<div class=\"siteorigin-widget-tinymce textwidget\">\n\t<h4>\u00a7 6 Gefahr\u00fcbergang, Versendung<\/h4>\n<p class=\"p1\">Bei Versendung der Ware auf Wunsch des K\u00e4ufers bzw. Bestellers geht die Gefahr des zuf\u00e4lligen Untergangs und der zuf\u00e4lligen Verschlechterung der Ware im Zeitpunkt der Absendung auf den K\u00e4ufer bzw. Besteller<span class=\"Apple-converted-space\">\u00a0<\/span>\u00fcber.<\/p>\n<\/div>\n<\/div><\/div><\/div><\/div><\/div><div id=\"pg-2043-6\"  class=\"panel-grid panel-has-style\" ><div class=\"siteorigin-panels-stretch panel-row-style panel-row-style-for-2043-6\" data-stretch-type=\"full\" ><div id=\"pgc-2043-6-0\"  class=\"panel-grid-cell\" ><div id=\"panel-2043-6-0-0\" class=\"so-panel widget widget_sow-editor panel-first-child panel-last-child\" data-index=\"9\" ><div\n\t\t\t\n\t\t\tclass=\"so-widget-sow-editor so-widget-sow-editor-base\"\n\t\t\t\n\t\t>\n<div class=\"siteorigin-widget-tinymce textwidget\">\n\t<h4>\u00a7 7 Eigentumsvorbehalt<\/h4>\n<p>(1) Bis zum vollst\u00e4ndigen Eingang aller Zahlungen verbleibt die Ware in unserem Eigentum. Bei Vertragsverletzungen des K\u00e4ufers, einschlie\u00dflich Zahlungsverzug, sind wir berechtigt, die Ware zur\u00fcckzunehmen.<\/p>\n<p class=\"p1\">(2)\u00a0Der K\u00e4ufer hat die Ware pfleglich zu behandeln, angemessen zu versichern und, soweit erforderlich, zu warten.<\/p>\n<p class=\"p1\">(3) Soweit der Kaufpreis nicht vollst\u00e4ndig bezahlt ist, hat der K\u00e4ufer uns unverz\u00fcglich schriftlich davon in Kenntnis zu setzen, wenn die Ware mit Rechten Dritter belastet oder sonstigen Eingriffen Dritter ausgesetzt wird.<\/p>\n<p class=\"p1\">(4)\u00a0Der K\u00e4ufer ist zur Weiterver\u00e4u\u00dferung der unter Eigentumsvorbehalt stehenden Ware im gew\u00f6hnlichen Gesch\u00e4ftsverkehr berechtigt. In diesem Falle tritt er jedoch bereits jetzt alle Forderungen aus einer solchen Weiterver\u00e4u\u00dferung, gleich ob diese vor oder nach einer evtl. Verarbeitung der unter Eigentumsvorbehalt gelieferten Ware erfolgt, an uns ab. Unbesehen unserer Befugnis, die Forderung selbst einzuziehen, bleibt der K\u00e4ufer auch nach der Abtretung zum Einzug der Forderung erm\u00e4chtigt. In diesem Zusammenhang verpflichten wir uns, die Forderung nicht einzuziehen, solange und soweit der K\u00e4ufer seinen Zahlungsverpflichtungen nachkommt, kein Antrag auf Er\u00f6ffnung eines Insolvenz- oder \u00e4hnlichen Verfahrens gestellt ist und keine Zahlungseinstellung vorliegt.<\/p>\n<p class=\"p1\">(5)\u00a0Insoweit die oben genannten Sicherheiten die zu sichernden Forderungen um mehr als 10 % \u00fcbersteigen, sind wir verpflichtet, die Sicherheiten nach unserer Auswahl auf Verlangen des K\u00e4ufers freizugeben.<\/p>\n<h4>\u00a0<\/h4>\n<\/div>\n<\/div><\/div><\/div><div id=\"pgc-2043-6-1\"  class=\"panel-grid-cell\" ><div id=\"panel-2043-6-1-0\" class=\"so-panel widget widget_sow-editor panel-first-child panel-last-child\" data-index=\"10\" ><div class=\"panel-widget-style panel-widget-style-for-2043-6-1-0\" ><div\n\t\t\t\n\t\t\tclass=\"so-widget-sow-editor so-widget-sow-editor-base\"\n\t\t\t\n\t\t>\n<div class=\"siteorigin-widget-tinymce textwidget\">\n\t<h4>\u00a7 8 Gew\u00e4hrleistung<\/h4>\n<p class=\"p1\">(1)\u00a0Voraussetzung f\u00fcr jegliche Gew\u00e4hrleistungsrechte des K\u00e4ufers ist dessen ordnungsgem\u00e4\u00dfe Erf\u00fcllung aller nach \u00a7\u00a0377 HGB geschuldeten Untersuchungs- und R\u00fcgeobliegenheiten.<\/p>\n<p class=\"p1\">(2)\u00a0Gew\u00e4hrleistungsanspr\u00fcche k\u00f6nnen innerhalb von 12\u00a0Monaten nach Gefahr\u00fcbergang geltend gemacht werden<\/p>\n<p class=\"p1\">(3)\u00a0Bei M\u00e4ngeln der Ware hat der K\u00e4ufer ein Recht auf Nacherf\u00fcllung in Form der Mangelbeseitigung oder Lieferung einer mangelfreien Sache. Bei Fehlschlagen der Nacherf\u00fcllung ist der K\u00e4ufer berechtigt, den Kaufpreis zu mindern oder vom Vertrag zur\u00fcckzutreten.<\/p>\n<\/div>\n<\/div><\/div><\/div><\/div><\/div><\/div><div id=\"pg-2043-7\"  class=\"panel-grid panel-has-style\" ><div class=\"siteorigin-panels-stretch panel-row-style panel-row-style-for-2043-7\" data-stretch-type=\"full\" ><div id=\"pgc-2043-7-0\"  class=\"panel-grid-cell\" ><div id=\"panel-2043-7-0-0\" class=\"so-panel widget widget_sow-editor panel-first-child panel-last-child\" data-index=\"11\" ><div\n\t\t\t\n\t\t\tclass=\"so-widget-sow-editor so-widget-sow-editor-base\"\n\t\t\t\n\t\t>\n<div class=\"siteorigin-widget-tinymce textwidget\">\n\t<h4>\u00a7 9 Haftung<\/h4>\n<p class=\"p1\">(1)\u00a0Im Falle von Vorsatz oder grober Fahrl\u00e4ssigkeit unsererseits oder von Seiten unserer Vertreter oder Erf\u00fcllungsgehilfen haften wir nach den gesetzlichen Regeln; ebenso bei schuldhafter Verletzung von wesentlichen Vertragspflichten. Soweit keine vors\u00e4tzliche Vertragsverletzung vorliegt, ist unsere Schadensersatzhaftung auf den vorhersehbaren, typischerweise eintretenden Schaden begrenzt.<\/p>\n<p class=\"p1\">(2)\u00a0Die Haftung wegen schuldhafter Verletzung des Lebens, des K\u00f6rpers oder der Gesundheit sowie die Haftung nach dem Produkthaftungsgesetz bleiben unber\u00fchrt.<\/p>\n<p class=\"p1\">(3)\u00a0Soweit vorstehend nicht ausdr\u00fccklich anders geregelt, ist unsere Haftung ausgeschlossen.<\/p>\n<p class=\"p1\">\u00a0<\/p>\n<\/div>\n<\/div><\/div><\/div><div id=\"pgc-2043-7-1\"  class=\"panel-grid-cell\" ><div id=\"panel-2043-7-1-0\" class=\"so-panel widget widget_sow-editor panel-first-child panel-last-child\" data-index=\"12\" ><div\n\t\t\t\n\t\t\tclass=\"so-widget-sow-editor so-widget-sow-editor-base\"\n\t\t\t\n\t\t>\n<div class=\"siteorigin-widget-tinymce textwidget\">\n\t<h4>\u00a7 10 Anwendbares Recht, Gerichtsstand<\/h4>\n<p class=\"p1\">(1)\u00a0Dieser Vertrag unterliegt dem Recht der Bundesrepublik Deutschland (unter Ausschluss des UN-Kaufrechts CISG)<\/p>\n<p class=\"p1\">(2)\u00a0Erf\u00fcllungsort sowie ausschlie\u00dflicher Gerichtsstand f\u00fcr alle Streitigkeiten aus oder im Zusammenhang mit diesem Vertrag ist Bretten.<\/p>\n<p class=\"p1\">(3)<b> <\/b>Dieser Text unterliegt deutschem Recht und soll nach deutschem Rechtsverst\u00e4ndnis ausgelegt werden.<\/p>\n<\/div>\n<\/div><\/div><\/div><\/div><\/div><div id=\"pg-2043-8\"  class=\"panel-grid panel-has-style\" ><div class=\"siteorigin-panels-stretch panel-row-style panel-row-style-for-2043-8\" data-stretch-type=\"full\" ><div id=\"pgc-2043-8-0\"  class=\"panel-grid-cell\" ><div id=\"panel-2043-8-0-0\" class=\"so-panel widget widget_sow-editor panel-first-child panel-last-child\" data-index=\"13\" ><div\n\t\t\t\n\t\t\tclass=\"so-widget-sow-editor so-widget-sow-editor-base\"\n\t\t\t\n\t\t><h2 class=\"headline headline_type_h2 widget-title\">Allgemeine Lieferbedingungen<\/h2>\n<div class=\"siteorigin-widget-tinymce textwidget\">\n\t<\/div>\n<\/div><\/div><\/div><\/div><\/div><div id=\"pg-2043-9\"  class=\"panel-grid panel-has-style\" ><div class=\"siteorigin-panels-stretch panel-row-style panel-row-style-for-2043-9\" data-stretch-type=\"full\" ><div id=\"pgc-2043-9-0\"  class=\"panel-grid-cell\" ><div id=\"panel-2043-9-0-0\" class=\"so-panel widget widget_sow-editor panel-first-child panel-last-child\" data-index=\"14\" ><div\n\t\t\t\n\t\t\tclass=\"so-widget-sow-editor so-widget-sow-editor-base\"\n\t\t\t\n\t\t>\n<div class=\"siteorigin-widget-tinymce textwidget\">\n\t<h4>\u00a7\u00a01\u00a0Geltung<\/h4>\n<p class=\"p1\">(1)\u00a0Diese Einkaufsbedingungen gelten ausschlie\u00dflich. Abweichende oder entgegenstehende Bedingungen werden von uns nicht anerkannt, sofern wir diesen nicht ausdr\u00fccklich schriftlich zugestimmt haben.<\/p>\n<p class=\"p1\">(2)\u00a0Diese Einkaufsbedingungen gelten auch f\u00fcr alle zuk\u00fcnftigen Gesch\u00e4fte zwischen den Parteien sowie auch dann, wenn wir in Kenntnis abweichender oder entgegenstehender Bedingungen die Ware vorbehaltlos annehmen.<\/p>\n<p class=\"p1\">(3)\u00a0Diese Allgemeinen Einkaufsbedingungen gelten nur gegen\u00fcber Unternehmern, juristischen Personen des \u00f6ffentlichen Rechts oder \u00f6ffentlich-rechtlichen Sonderverm\u00f6gen im Sinne von \u00a7\u00a0310 Abs.\u00a01 BGB.<\/p>\n<p class=\"p1\">\u00a0<\/p>\n<\/div>\n<\/div><\/div><\/div><div id=\"pgc-2043-9-1\"  class=\"panel-grid-cell\" ><div id=\"panel-2043-9-1-0\" class=\"so-panel widget widget_sow-editor panel-first-child panel-last-child\" data-index=\"15\" ><div\n\t\t\t\n\t\t\tclass=\"so-widget-sow-editor so-widget-sow-editor-base\"\n\t\t\t\n\t\t>\n<div class=\"siteorigin-widget-tinymce textwidget\">\n\t<h4>\u00a7\u00a02\u00a0Angebot, Annahme<\/h4>\n<p>Der Verk\u00e4ufer ist verpflichtet, diese Bestellung innerhalb angemessener Frist, l\u00e4ngstens jedoch innerhalb einer Frist von zwei Wochen anzunehmen.<\/p>\n<p>\u00a0<\/p>\n<\/div>\n<\/div><\/div><\/div><\/div><\/div><div id=\"pg-2043-10\"  class=\"panel-grid panel-has-style\" ><div class=\"siteorigin-panels-stretch panel-row-style panel-row-style-for-2043-10\" data-stretch-type=\"full\" ><div id=\"pgc-2043-10-0\"  class=\"panel-grid-cell\" ><div id=\"panel-2043-10-0-0\" class=\"so-panel widget widget_sow-editor panel-first-child panel-last-child\" data-index=\"16\" ><div\n\t\t\t\n\t\t\tclass=\"so-widget-sow-editor so-widget-sow-editor-base\"\n\t\t\t\n\t\t>\n<div class=\"siteorigin-widget-tinymce textwidget\">\n\t<h4>\u00a7\u00a03\u00a0Preise, Zahlung<\/h4>\n<p class=\"p1\">(1)\u00a0Der Preis versteht sich f\u00fcr Lieferung frei Haus, einschlie\u00dflich der jeweiligen gesetzlichen Umsatzsteuer sowie einschlie\u00dflich der Kosten f\u00fcr Verpackung, soweit nicht ausdr\u00fccklich anders vereinbart.<\/p>\n<p class=\"p1\">(2)\u00a0Der Kaufpreis ist zahlbar innerhalb von 14 Tagen ab ordnungsgem\u00e4\u00dfer Rechnungsstellung mit 2 % Skonto oder innerhalb von 30 Tagen ab ordnungsgem\u00e4\u00dfer Rechnungsstellung netto.<\/p>\n<p class=\"p1\">\u00a0<\/p>\n<\/div>\n<\/div><\/div><\/div><div id=\"pgc-2043-10-1\"  class=\"panel-grid-cell\" ><div id=\"panel-2043-10-1-0\" class=\"so-panel widget widget_sow-editor panel-first-child panel-last-child\" data-index=\"17\" ><div\n\t\t\t\n\t\t\tclass=\"so-widget-sow-editor so-widget-sow-editor-base\"\n\t\t\t\n\t\t>\n<div class=\"siteorigin-widget-tinymce textwidget\">\n\t<h4>\u00a7\u00a04\u00a0Aufrechnung, Zur\u00fcckbehaltung<\/h4>\n<p>Aufrechnungs- und Zur\u00fcckbehaltungsrechte stehen uns im vollen gesetzlichen Umfang zu.<\/p>\n<p>\u00a0<\/p>\n<\/div>\n<\/div><\/div><\/div><\/div><\/div><div id=\"pg-2043-11\"  class=\"panel-grid panel-has-style\" ><div class=\"siteorigin-panels-stretch panel-row-style panel-row-style-for-2043-11\" data-stretch-type=\"full\" ><div id=\"pgc-2043-11-0\"  class=\"panel-grid-cell\" ><div id=\"panel-2043-11-0-0\" class=\"so-panel widget widget_sow-editor panel-first-child panel-last-child\" data-index=\"18\" ><div\n\t\t\t\n\t\t\tclass=\"so-widget-sow-editor so-widget-sow-editor-base\"\n\t\t\t\n\t\t>\n<div class=\"siteorigin-widget-tinymce textwidget\">\n\t<h4>\u00a7\u00a05\u00a0Lieferung<\/h4>\n<p class=\"p1\">(1)\u00a0Alle in der Bestellung genannten oder anderweitig vereinbarten Liefertermine sind bindend.<\/p>\n<p class=\"p1\">(2)\u00a0Der Verk\u00e4ufer ist verpflichtet, uns \u00fcber jegliche drohende oder eingetretene Nichteinhaltung eines Liefertermins, deren Ursachen und die voraussichtliche Dauer der Verz\u00f6gerung unverz\u00fcglich in Kenntnis zu setzen. Der Eintritt des Lieferverzugs bleibt davon unber\u00fchrt.<\/p>\n<p class=\"p1\">(3)\u00a0F\u00fcr den Fall des Lieferverzuges stehen uns alle gesetzlichen Anspr\u00fcche zu.<\/p>\n<p class=\"p1\">\u00a0<\/p>\n<\/div>\n<\/div><\/div><\/div><div id=\"pgc-2043-11-1\"  class=\"panel-grid-cell\" ><div id=\"panel-2043-11-1-0\" class=\"so-panel widget widget_sow-editor panel-first-child panel-last-child\" data-index=\"19\" ><div\n\t\t\t\n\t\t\tclass=\"so-widget-sow-editor so-widget-sow-editor-base\"\n\t\t\t\n\t\t>\n<div class=\"siteorigin-widget-tinymce textwidget\">\n\t<h4>\u00a7\u00a06\u00a0Gefahr\u00fcbergang, Versendung<\/h4>\n<p>Die Gefahr des zuf\u00e4lligen Untergangs oder der zuf\u00e4lligen Verschlechterung der Ware geht mit ordnungsgem\u00e4\u00dfer und vollst\u00e4ndiger Lieferung frei Haus am genannten Bestimmungsort auf uns \u00fcber.<\/p>\n<p>\u00a0<\/p>\n<\/div>\n<\/div><\/div><\/div><\/div><\/div><div id=\"pg-2043-12\"  class=\"panel-grid panel-has-style\" ><div class=\"siteorigin-panels-stretch panel-row-style panel-row-style-for-2043-12\" data-stretch-type=\"full\" ><div id=\"pgc-2043-12-0\"  class=\"panel-grid-cell\" ><div id=\"panel-2043-12-0-0\" class=\"so-panel widget widget_sow-editor panel-first-child panel-last-child\" data-index=\"20\" ><div\n\t\t\t\n\t\t\tclass=\"so-widget-sow-editor so-widget-sow-editor-base\"\n\t\t\t\n\t\t>\n<div class=\"siteorigin-widget-tinymce textwidget\">\n\t<h4>\u00a7\u00a07\u00a0M\u00e4ngelhaftung, Gew\u00e4hrleistung<\/h4>\n<p class=\"p1\">(1)\u00a0Gesetzliche Gew\u00e4hrleistungsrechte stehen uns uneingeschr\u00e4nkt zu. Insbesondere sind wir berechtigt, nach unserer Wahl Beseitigung des Mangels oder Lieferung einer mangelfreien Sache bzw. Schadensersatz zu verlangen.<\/p>\n<p>(2)\u00a0Bei Gefahr im Verzug sind wir berechtigt, nach entsprechender Anzeige an den Verk\u00e4ufer M\u00e4ngelbeseitigung auf Kosten des Verk\u00e4ufers selbst vorzunehmen.<\/p>\n<p>(3) M\u00e4ngelgew\u00e4hrleistungsanspr\u00fcche verj\u00e4hren 36\u00a0Monate nach Gefahr\u00fcbergang.<\/p>\n<p class=\"p1\">\u00a0<\/p>\n<\/div>\n<\/div><\/div><\/div><div id=\"pgc-2043-12-1\"  class=\"panel-grid-cell\" ><div id=\"panel-2043-12-1-0\" class=\"so-panel widget widget_sow-editor panel-first-child panel-last-child\" data-index=\"21\" ><div class=\"panel-widget-style panel-widget-style-for-2043-12-1-0\" ><div\n\t\t\t\n\t\t\tclass=\"so-widget-sow-editor so-widget-sow-editor-base\"\n\t\t\t\n\t\t>\n<div class=\"siteorigin-widget-tinymce textwidget\">\n\t<h4>\u00a7\u00a08\u00a0Produkthaftung, Versicherung<\/h4>\n<p>(1)\u00a0Der Verk\u00e4ufer ist verpflichtet, uns von jeglicher Haftung gegen\u00fcber Dritten bzw. von Anspr\u00fcchen Dritter, die durch Herstellung, Lieferung, Lagerung oder Verwendung der gelieferten Ware entstehen, auf erstes Anfordern freizustellen. Die Freistellungsverpflichtung gilt nicht, soweit der Anspruch auf grob fahrl\u00e4ssiger oder vors\u00e4tzlicher Pflichtverletzung unsererseits beruht.<\/p>\n<p>(2)\u00a0Der Verk\u00e4ufer ist verpflichtet, w\u00e4hrend der Laufzeit dieses Vertrages stets eine Produkthaftpflicht-Versicherung mit einer ausreichenden Mindest-Deckungssumme von [??] pro Personenschaden bzw. Sachschaden zu unterhalten. Etwaige weitergehende Schadensersatzanspr\u00fcche bleiben unber\u00fchrt.<\/p>\n<p>\u00a0<\/p>\n<\/div>\n<\/div><\/div><\/div><\/div><\/div><\/div><div id=\"pg-2043-13\"  class=\"panel-grid panel-has-style\" ><div class=\"siteorigin-panels-stretch panel-row-style panel-row-style-for-2043-13\" data-stretch-type=\"full\" ><div id=\"pgc-2043-13-0\"  class=\"panel-grid-cell\" ><div id=\"panel-2043-13-0-0\" class=\"so-panel widget widget_sow-editor panel-first-child panel-last-child\" data-index=\"22\" ><div\n\t\t\t\n\t\t\tclass=\"so-widget-sow-editor so-widget-sow-editor-base\"\n\t\t\t\n\t\t>\n<div class=\"siteorigin-widget-tinymce textwidget\">\n\t<h4>\u00a7\u00a09\u00a0Rechtsm\u00e4ngel<\/h4>\n<p class=\"p1\">(1)\u00a0Der Verk\u00e4ufer gew\u00e4hrleistet, dass die Ware frei von Rechten Dritter geliefert wird und durch die Lieferung keine Rechte Dritter verletzt werden. Der Verk\u00e4ufer stellt uns insoweit von etwaigen Anspr\u00fcchen Dritter auf erstes Anfordern frei.<\/p>\n<p>(2)\u00a0Anspr\u00fcche aus Rechtsm\u00e4ngeln verj\u00e4hren gem\u00e4\u00df \u00a7\u00a07 (3).<\/p>\n<p>\u00a0<\/p>\n<p class=\"p1\">\u00a0<\/p>\n<\/div>\n<\/div><\/div><\/div><div id=\"pgc-2043-13-1\"  class=\"panel-grid-cell\" ><div id=\"panel-2043-13-1-0\" class=\"so-panel widget widget_sow-editor panel-first-child panel-last-child\" data-index=\"23\" ><div\n\t\t\t\n\t\t\tclass=\"so-widget-sow-editor so-widget-sow-editor-base\"\n\t\t\t\n\t\t>\n<div class=\"siteorigin-widget-tinymce textwidget\">\n\t<h4>\u00a7\u00a010\u00a0Rechtswahl, Gerichtsstand, Auslegung<\/h4>\n<p>(1)\u00a0Dieser Vertrag unterliegt dem Recht der Bundesrepublik Deutschland (unter Ausschluss des UN-Kaufrechts CISG).<\/p>\n<p>(2)\u00a0Erf\u00fcllungsort sowie ausschlie\u00dflicher Gerichtsstand f\u00fcr alle Streitigkeiten aus oder im Zusammenhang mit diesem Vertrag ist Bretten.<\/p>\n<p>(3) Dieser Text unterliegt deutschem Recht und soll nach deutschem Rechtsverst\u00e4ndnis ausgelegt werden.<\/p>\n<p>\u00a0<\/p>\n<\/div>\n<\/div><\/div><\/div><\/div><\/div><\/div>","protected":false},"excerpt":{"rendered":"<p>AGB\u4ee5\u5fb7\u6587\u4e3a\u51c6 Allgemeine Verkaufs- und Lieferbedingungen Wir [&hellip;]<\/p>\n","protected":false},"author":1,"featured_media":0,"parent":0,"menu_order":31,"comment_status":"closed","ping_status":"closed","template":"","meta":{"_monsterinsights_skip_tracking":false,"_monsterinsights_sitenote_active":false,"_monsterinsights_sitenote_note":"","_monsterinsights_sitenote_category":0,"iawp_total_views":4,"footnotes":""},"class_list":["post-2043","page","type-page","status-publish","hentry"],"_links":{"self":[{"href":"https:\/\/www.eckardt-systems.com\/zh-hans\/wp-json\/wp\/v2\/pages\/2043","targetHints":{"allow":["GET"]}}],"collection":[{"href":"https:\/\/www.eckardt-systems.com\/zh-hans\/wp-json\/wp\/v2\/pages"}],"about":[{"href":"https:\/\/www.eckardt-systems.com\/zh-hans\/wp-json\/wp\/v2\/types\/page"}],"author":[{"embeddable":true,"href":"https:\/\/www.eckardt-systems.com\/zh-hans\/wp-json\/wp\/v2\/users\/1"}],"replies":[{"embeddable":true,"href":"https:\/\/www.eckardt-systems.com\/zh-hans\/wp-json\/wp\/v2\/comments?post=2043"}],"version-history":[{"count":2,"href":"https:\/\/www.eckardt-systems.com\/zh-hans\/wp-json\/wp\/v2\/pages\/2043\/revisions"}],"predecessor-version":[{"id":2452,"href":"https:\/\/www.eckardt-systems.com\/zh-hans\/wp-json\/wp\/v2\/pages\/2043\/revisions\/2452"}],"wp:attachment":[{"href":"https:\/\/www.eckardt-systems.com\/zh-hans\/wp-json\/wp\/v2\/media?parent=2043"}],"curies":[{"name":"wp","href":"https:\/\/api.w.org\/{rel}","templated":true}]}}